{"id":2099,"date":"2025-01-28T09:43:24","date_gmt":"2025-01-28T08:43:24","guid":{"rendered":"https:\/\/ecoles-cea-edf-inria.fr\/?page_id=2099"},"modified":"2026-02-06T14:54:57","modified_gmt":"2026-02-06T13:54:57","slug":"ecole-analyse-numerique-2025","status":"publish","type":"page","link":"https:\/\/ecoles-cea-edf-inria.fr\/en\/history\/ecole-analyse-numerique-2025\/","title":{"rendered":"Numerical Analysis school 2025"},"content":{"rendered":"<div id=\"headerredbloc\">Numerical Analysis school 2025: contents, program, dates, practical information.<\/div>\n<div id=\"initiative\">\n<h1 class=\"textebleu\">Numerical Analysis school 2025<\/h1>\n<h2>Solving partial differential equations in fields physics faster with physics-based machine learning<\/h2>\n<h4><span style=\"color: #ff0000;\">Informations pratiques<\/span><\/h4>\n<h3>Dates<\/h3>\n<p>June 16-20, 2025<\/p>\n<h3>Location<\/h3>\n<p>EDF Lab Paris-Saclay<br \/>\n7 Boulevard Gaspard Monge<br \/>\n91120 Palaiseau<\/p>\n<h3>Contacts<\/h3>\n<p><strong>Organisers<\/strong><br \/>\n<a href=\"mailto:nicolas.bousquet@edf.fr\"> Nicolas Bousquet <\/a> (EDF)<br \/>\n<a href=\"mailto:alejandro.ribes@edf.fr\"> Alejandro Ribes <\/a> (EDF)<br \/>\n<a href=\"mailto:christophe.millet@cea.fr\"> Christophe Millet <\/a> (CEA)<br \/>\n<a href=\"mailto:bruno.raffin@inria.fr\"> Bruno Raffin <\/a> (INRIA)<br \/>\n<a href=\"mailto:vincent.le-guen@edf.fr\"> Vincent Le Guen <\/a> (EDF)<\/p>\n<p><strong>Summer schools secretary<\/strong><br \/>\n<a href=\"mailto:regis.vizet@cea.fr\">R\u00e9gis Vizet<\/a> &#8211; CEA<br \/>\ntel: 01 69 26 47 45<\/p>\n<div style=\"width: 65%; padding: 0 10px 0 0; float: left;\">\n<h4><span style=\"color: #ff0000;\">Scientific Context<\/span><\/h4>\n<p>The computational cost of solving PDE, for instance CFD (Navier-Stokes) and electromagnetic (Maxwell) equations, for real industrial situations, is problematic today. The use of HPC computing does not allow us to manipulate these resolution algorithms quickly enough to integrate them into digital twins useful to engineers, without making numerical compromises (for example, using a 2D resolution for a real 3D problem). These compromises historically form a set of &#8220;reduced&#8221; physical models (Reduced Order Models, or ROMs), whose construction requires an intrusive approach to large, accurate numerical models. While ROMs have made it possible to approximate the resolution of many problems, the possibility of using the most recent learning tools (kriging, neural networks, etc.) from simulation databases, but also from knowledge of boundary conditions, or even a mesh, has emerged in recent years. The field of Physics-informed Machine Learning is currently flourishing, and numerous approaches have been proposed, such as PINNs (Physics-informed Neural Networks), GNNs (Graph Neural Networks), GNO, operator-based approaches, etc. These promising trials are still examining relatively simple cases. Our ambition is to develop approaches that will really enable us to handle industrial cases that have arisen in recent years.<\/p>\n<h3><span style=\"color: #ff0000;\">Content <\/span><\/h3>\n<p>The research school is aimed at PhD students, young researchers and more experienced researchers wishing to learn more about the subject. Courses including practical works will be given by top professors and well-known researchers from both academic and industrial worlds will give thematic conferences. Classical examples will be introduced, but point out that one of the expected gains of the research school is to be able to find one&#8217;s way through the &#8220;jungle&#8221; of approaches, and to be introduced to increasingly complex application examples. Technological choices as well as discussions on most recent approaches, as foundational models, are on the agenda. Furthermore, PhD students and young researchers who will attend will have the possibility to apply for presenting a poster.<\/p>\n<p>Here is  <a href=\"https:\/\/ecoles-cea-edf-inria.fr\/files\/2025\/06\/posters-School2025NA.pdf\"> a link to the list of proposed posters.<\/a><\/p>\n<h3><span style=\"color: #ff0000;\">Speakers <\/span><\/h3>\n<p>\u2022\tGeorge Karniadakis and Khemraj Shukla (Brown University)<br \/>\n\u2022\tPatrick Gallinari (SCAI)<br \/>\n\u2022\tClaire Boyer (Universit\u00e9 Paris Saclay)<br \/>\n\u2022\tSiddharta Mishra (ETH Zurich)<br \/>\n\u2022\tRonan Fablet (IMT Atlantique)<br \/>\n\u2022\tAlena Shilova (INRIA)<br \/>\n\u2022\tBoris Bonev (Nvidia)<br \/>\n\u2022\tBruno Raffin (INRIA) et Alejandro Ribes (EDF)<br \/>\n\u2022\tChristophe Millet (CEA\/ENS) et Elodie No\u00eal\u00e9 (CEA\/DGA)<br \/>\n\u2022\tAbbas Kabalan et Rapha\u00ebl Carpintero Perez (Safran Tech)<\/p>\n<h4><span style=\"color: #ff0000;\">Software installation requirements<\/span><\/h4>\n<p>For George Karniadakis and Khemraj Shukla&#8217;s course: <a href=\"https:\/\/ecoles-cea-edf-inria.fr\/files\/2025\/06\/requirements.txt\" target=\"_blank\" rel=\"noopener\">requirements.txt <\/a><br \/>\nPython version: Python 3.8.8<br \/>\nto install the packages please do:<br \/>\npip install -r requirements.txt<br \/>\nThe whole material for this course is provided on this <a href=\"https:\/\/drive.google.com\/drive\/folders\/1d2fu97_IkOHIa-2YaJZx_jYXSlOXdzin?usp=share_link\" target=\"_blank\" rel=\"noopener\"> google drive <\/a><\/p>\n<h4><span style=\"color: #ff0000;\">Final program<\/span><\/h4>\n<style>\n  table.schedule {<br \/>\n    width: 100%;<br \/>\n    border-collapse: collapse;<br \/>\n    margin-bottom: 2em;<br \/>\n    font-family: Arial, sans-serif;<br \/>\n    font-size: 14px;<br \/>\n    line-height: 1.4em;<br \/>\n    border: 2px solid #003366;<br \/>\n  }<\/p>\n<p>  table.schedule caption {<br \/>\n    text-align: left;<br \/>\n    font-size: 1.6em;<br \/>\n    margin: 1em 0 0.5em;<br \/>\n    font-weight: bold;<br \/>\n    color: #003366;<br \/>\n    border-bottom: 2px solid #003366;<br \/>\n    padding-bottom: 5px;<br \/>\n  }<\/p>\n<p>  table.schedule td {<br \/>\n    padding: 6px 10px;<br \/>\n    vertical-align: top;<br \/>\n    border: 1px solid #999;<br \/>\n  }<\/p>\n<p>  table.schedule tr:nth-child(even) {<br \/>\n    background-color: #f9f9f9;<br \/>\n  }<\/p>\n<p>  table.schedule tr.light-row {<br \/>\n    font-size: 13px;<br \/>\n    background-color: #f0f0f0 !important;<br \/>\n    color: #555;<br \/>\n  }<\/p>\n<p>  table.schedule td.speaker a {<br \/>\n    color: #003366;<br \/>\n    text-decoration: none;<br \/>\n    font-weight: bold;<br \/>\n  }<\/p>\n<p>  table.schedule td.speaker a:hover {<br \/>\n    text-decoration: underline;<br \/>\n  }<br \/>\n<\/style>\n<table class=\"schedule\" style=\"border: 2px solid black; border-collapse: collapse;\">\n<caption style=\"font-weight: bold; font-size: 1.5em;\"> Monday, June 16 \u2014 Amphitheaters 1 &amp; 2<\/caption>\n<tbody>\n<tr class=\"light-row\">\n<td style=\"width:15%;\">08:45 \u2013 09:15<\/td>\n<td style=\"width:30%;\">\u2014<\/td>\n<td>Welcome breakfast (loggia)<\/td>\n<\/tr>\n<tr>\n<td>09:15 \u2013 09:30<\/td>\n<td class=\"speaker\">Organizers<\/td>\n<td>Opening talk (<a href=\"https:\/\/ecoles-cea-edf-inria.fr\/files\/2025\/06\/Introduction-SummerSchool.pdf\" target=\"_blank\" rel=\"noopener\">introductive slides<\/a>)<\/td>\n<\/tr>\n<tr>\n<td>09:30 \u2013 11:00<\/td>\n<td class=\"speaker\">\n      <a href=\"https:\/\/pages.isir.upmc.fr\/gallinari\/\" target=\"_blank\" rel=\"noopener\">Patrick Gallinari<\/a><\/td>\n<td>Machine Learning for Physical Dynamics, an<br \/>\nIntroduction (<a href=\"https:\/\/ecoles-cea-edf-inria.fr\/files\/2025\/06\/2025-06-16-CEA-EDF-INRIA-numerical-analysis-summer-school-Gallinari-part1.pdf\" target=\"_blank\" rel=\"noopener\">slides<\/a>)<\/td>\n<\/tr>\n<tr class=\"light-row\">\n<td>11:00 \u2013 11:30<\/td>\n<td>\u2014<\/td>\n<td>Coffee break (loggia)<\/td>\n<\/tr>\n<tr>\n<td>11:30 \u2013 13:00<\/td>\n<td class=\"speaker\">\n      <a href=\"https:\/\/loiseaujc.github.io\" target=\"_blank\" rel=\"noopener\">Jean-Christophe Loiseau<\/a><\/td>\n<td>System identification \/ operator learning 1 (course + practice): <a href=\"https:\/\/github.com\/loiseaujc\/CEA_INRIA_SummerSchool_2025\" target=\"_blank\" rel=\"noopener\"> GitHub repo <\/a><\/td>\n<\/tr>\n<tr class=\"light-row\">\n<td>13:00 \u2013 14:00<\/td>\n<td>\u2014<\/td>\n<td>Lunch (Brasserie)<\/td>\n<\/tr>\n<tr>\n<td>14:00 \u2013 15:30<\/td>\n<td class=\"speaker\">\n      <a href=\"https:\/\/engineering.brown.edu\/people\/george-e-karniadakis\" target=\"_blank\" rel=\"noopener\">George E. Karniadakis<\/a> &amp;<br \/>\n<a href=\"https:\/\/appliedmath.brown.edu\/people\/khemraj-shukla\" target=\"_blank\" rel=\"noopener\">Khemraj Shukla<\/a><\/td>\n<td>PINN, PIKAN &amp; Neural Operators 1 (course + practice): Talk support (<a href=\"https:\/\/ecoles-cea-edf-inria.fr\/files\/2025\/06\/PINNs_PIKANs_merged-Part1.pdf\" target=\"_blank\" rel=\"noopener\"> Part 1 <\/a> \/ <a href=\"https:\/\/ecoles-cea-edf-inria.fr\/files\/2025\/06\/PINNs_PIKANs_merged-Part2.pdf\" target=\"_blank\" rel=\"noopener\"> Part 2 <\/a>) + <a href=\"https:\/\/ecoles-cea-edf-inria.fr\/files\/2025\/06\/DEMO-PINN-Day1.zip\" target=\"_blank\" rel=\"noopener\"> practice \/ demo material Day 1 <\/a><\/td>\n<\/tr>\n<tr class=\"light-row\">\n<td>15:30 \u2013 15:50<\/td>\n<td>\u2014<\/td>\n<td>Coffee break (loggia)<\/td>\n<\/tr>\n<tr>\n<td>15:50 \u2013 17:20<\/td>\n<td class=\"speaker\">\n      <a href=\"https:\/\/engineering.brown.edu\/people\/george-e-karniadakis\" target=\"_blank\" rel=\"noopener\">George  E. Karniadakis<\/a> &amp;<br \/>\n<a href=\"https:\/\/appliedmath.brown.edu\/people\/khemraj-shukla\" target=\"_blank\" rel=\"noopener\">Khemraj Shukla<\/a><\/td>\n<td>PINN, PIKAN &amp; Neural Operators 1 (continued)<\/td>\n<\/tr>\n<\/tbody>\n<\/table>\n<p><!-- FIN LUNDI --><\/p>\n<table class=\"schedule\" style=\"border: 2px solid black; border-collapse: collapse;\">\n<caption style=\"font-weight: bold; font-size: 1.5em;\">Tuesday, June 17 \u2014 Amphitheaters 1 &amp; 2<\/caption>\n<tbody>\n<tr class=\"light-row\">\n<td style=\"width:15%;\">09:00 \u2013 09:15<\/td>\n<td style=\"width:30%;\">\u2014<\/td>\n<td>Welcome coffee (loggia)<\/td>\n<\/tr>\n<tr>\n<td>09:15 \u2013 11:00<\/td>\n<td class=\"speaker\">\n      <a href=\"https:\/\/engineering.brown.edu\/people\/george-e-karniadakis\" target=\"_blank\" rel=\"noopener\">George E. Karniadakis<\/a> &amp;<br \/>\n<a href=\"https:\/\/appliedmath.brown.edu\/people\/khemraj-shukla\" target=\"_blank\" rel=\"noopener\">Khemraj  Shukla<\/a><\/td>\n<td>PINN, PIKAN &amp; Neural Operators 2 (course + practice): Talk support (<a href=\"https:\/\/ecoles-cea-edf-inria.fr\/files\/2025\/06\/Neural_Operators_new-Part1.pdf\" target=\"_blank\" rel=\"noopener\"> Part 1 <\/a> \/ <a href=\"https:\/\/ecoles-cea-edf-inria.fr\/files\/2025\/06\/Neural_Operators_new_Part2.pdf\" target=\"_blank\" rel=\"noopener\"> Part 2 <\/a>) + <a href=\"https:\/\/drive.google.com\/drive\/folders\/1d2fu97_IkOHIa-2YaJZx_jYXSlOXdzin?usp=share_link\" target=\"_blank\" rel=\"noopener\"> practice \/ demo material Day 2 <\/a><\/td>\n<\/tr>\n<tr class=\"light-row\">\n<td>11:00 \u2013 11:15<\/td>\n<td>\u2014<\/td>\n<td>Coffee break (loggia)<\/td>\n<\/tr>\n<tr>\n<td>11:15 \u2013 12:30<\/td>\n<td class=\"speaker\">\n     <a href=\"https:\/\/engineering.brown.edu\/people\/george-e-karniadakis\" target=\"_blank\" rel=\"noopener\">George E.  Karniadakis<\/a> &amp;<br \/>\n<a href=\"https:\/\/appliedmath.brown.edu\/people\/khemraj-shukla\" target=\"_blank\" rel=\"noopener\">Khemraj  Shukla<\/a><\/td>\n<td>Continuation of PINN, PIKAN &amp; Neural Operators 2<\/td>\n<\/tr>\n<tr class=\"light-row\">\n<td>12:30 \u2013 14:00<\/td>\n<td>\u2014<\/td>\n<td>Lunch (Brasserie)<\/td>\n<\/tr>\n<tr>\n<td>14:00 \u2013 15:30<\/td>\n<td class=\"speaker\">\n      <a href=\"https:\/\/loiseaujc.github.io\" target=\"_blank\" rel=\"noopener\">Jean-Christophe Loiseau<\/a><\/td>\n<td>System identification \/ operator learning 2, with PySINDy (course + practice)<br \/>\n<a href=\"https:\/\/github.com\/loiseaujc\/CEA_INRIA_SummerSchool_2025\" target=\"_blank\" rel=\"noopener\"> GitHub repo <\/a><\/td>\n<\/tr>\n<tr class=\"light-row\">\n<td>15:30 \u2013 15:50<\/td>\n<td>\u2014<\/td>\n<td>Coffee break (loggia)<\/td>\n<\/tr>\n<tr>\n<td>15:50 \u2013 17:20<\/td>\n<td class=\"speaker\">\n      <a href=\"https:\/\/loiseaujc.github.io\" target=\"_blank\" rel=\"noopener\">Jean-Christophe Loiseau<\/a><\/td>\n<td>Continuation of PySINDy session<\/td>\n<\/tr>\n<\/tbody>\n<\/table>\n<p><!-- FIN MARDI --><\/p>\n<table class=\"schedule\" style=\"border: 2px solid black; border-collapse: collapse;\">\n<caption style=\"font-weight: bold; font-size: 1.5em;\">Wednesday, June 18 \u2014 Amphitheaters 1 &amp; 2<\/caption>\n<tbody>\n<tr class=\"light-row\">\n<td style=\"width:15%;\">09:00 \u2013 09:30<\/td>\n<td style=\"width:30%;\">\u2014<\/td>\n<td>Welcome coffee (loggia)<\/td>\n<\/tr>\n<tr>\n<td>09:30 \u2013 11:00<\/td>\n<td class=\"speaker\">\n      <a href=\"https:\/\/pages.isir.upmc.fr\/gallinari\/\" target=\"_blank\" rel=\"noopener\">Patrick Gallinari<\/a><\/td>\n<td>Generalization in physics-based deep learning (<a href=\"https:\/\/ecoles-cea-edf-inria.fr\/files\/2025\/06\/2025-06-18-CEA-EDF-INRIA-numerical-analysis-summer-school-Gallinari-part2.pdf\" target=\"_blank\" rel=\"noopener\">slides<\/a>)<\/td>\n<\/tr>\n<tr class=\"light-row\">\n<td>11:00 \u2013 11:15<\/td>\n<td>\u2014<\/td>\n<td>Coffee break (loggia)<\/td>\n<\/tr>\n<tr>\n<td>11:15 \u2013 12:30<\/td>\n<td class=\"speaker\">\n      <a href=\"https:\/\/www.imo.universite-paris-saclay.fr\/~claire.boyer\/\" target=\"_blank\" rel=\"noopener\">Claire Boyer<\/a><\/td>\n<td>A statistical perspective on physics-informed machine learning: from PINNs to kernel methods (<a href=\"https:\/\/ecoles-cea-edf-inria.fr\/files\/2025\/06\/25-boyer_cea-edf-inria-school-.pdf\" target=\"_blank\" rel=\"noopener\">slides<\/a>)<\/td>\n<\/tr>\n<tr class=\"light-row\">\n<td>12:30 \u2013 14:00<\/td>\n<td>\u2014<\/td>\n<td>Lunch (Brasserie)<\/td>\n<\/tr>\n<tr>\n<td>14:00 \u2013 17:00<\/td>\n<td>\u2014<\/td>\n<td>Afternoon posters and discussions \/ free work (rooms A1.134, 140, 133, 139) \u2014 Free coffee available (loggia)<\/td>\n<\/tr>\n<\/tbody>\n<\/table>\n<p><!-- FIN MERCREDI --><\/p>\n<table class=\"schedule\" style=\"border: 2px solid black; border-collapse: collapse;\">\n<caption style=\"font-weight: bold; font-size: 1.5em;\">Thursday, June 19 \u2014 Amphitheaters 1 &amp; 2 (morning), Shared working rooms (afternoon)<\/caption>\n<tbody>\n<tr class=\"light-row\">\n<td style=\"width:15%;\">09:00 \u2013 09:30<\/td>\n<td style=\"width:30%;\">\u2014<\/td>\n<td>Welcome coffee (loggia)<\/td>\n<\/tr>\n<tr>\n<td>09:30 \u2013 11:00<\/td>\n<td class=\"speaker\">\n      <a href=\"https:\/\/scholar.google.es\/citations?user=lMaCB04AAAAJ&amp;hl=en\" target=\"_blank\" rel=\"noopener\">Christophe Millet<\/a> &amp;<br \/>\n<a href=\"https:\/\/www.linkedin.com\/in\/elodie-no\u00ebl\u00e9-918905133\/?originalSubdomain=fr\" target=\"_blank\" rel=\"noopener\">\u00c9lodie No\u00ebl\u00e9<\/a><\/td>\n<td>From Graph Neural Networks to learning dynamic graphs (course + practice): <a href=\"https:\/\/ecoles-cea-edf-inria.fr\/files\/2025\/06\/GNN_2025_SummerSchoolCEAEDFINRIA_Millet.pdf\" target=\"_blank\" rel=\"noopener\"> Course material <\/a> + <a href=\"https:\/\/eur01.safelinks.protection.outlook.com\/?url=https%3A%2F%2Fgithub.com%2Fnoeleel%2FTutorial_GNN_EcoleEte_CEA_EDF_INRIA2025&amp;data=05%7C02%7Cnicolas.bousquet%40edf.fr%7C8d2e24e12ac1400cb5b308ddad6efcf7%7Ce242425b70fc44dc9ddfc21e304e6c80%7C1%7C0%7C638857414391323499%7CUnknown%7CTWFpbGZsb3d8eyJFbXB0eU1hcGkiOnRydWUsIlYiOiIwLjAuMDAwMCIsIlAiOiJXaW4zMiIsIkFOIjoiTWFpbCIsIldUIjoyfQ%3D%3D%7C0%7C%7C%7C&amp;sdata=tLjjidip0xFJ0MI77Bm9tTvW5QzhDAepPyvu5jF5KOo%3D&amp;reserved=0\" target=\"_blank\" rel=\"noopener\"> GitHub repo <\/a><\/td>\n<\/tr>\n<tr class=\"light-row\">\n<td>11:00 \u2013 11:15<\/td>\n<td>\u2014<\/td>\n<td>Coffee break (loggia)<\/td>\n<\/tr>\n<tr>\n<td>11:15 \u2013 12:30<\/td>\n<td class=\"speaker\">\n      <a href=\"https:\/\/scholar.google.es\/citations?user=lMaCB04AAAAJ&amp;hl=en\" target=\"_blank\" rel=\"noopener\">Christophe Millet<\/a> &amp;<br \/>\n<a href=\"https:\/\/www.linkedin.com\/in\/elodie-no\u00ebl\u00e9-918905133\/?originalSubdomain=fr\" target=\"_blank\" rel=\"noopener\">\u00c9lodie No\u00ebl\u00e9<\/a><\/td>\n<td>Continuation of GNN session<\/td>\n<\/tr>\n<tr class=\"light-row\">\n<td>12:30 \u2013 14:00<\/td>\n<td>\u2014<\/td>\n<td>Lunch (Brasserie)<\/td>\n<\/tr>\n<tr>\n<td>14:00 \u2013 14:40<\/td>\n<td class=\"speaker\">\n      <a href=\"https:\/\/rfablet.github.io\" target=\"_blank\" rel=\"noopener\">Ronan Fablet<\/a><\/td>\n<td>\n      End-to-end neural data assimilation: application to ocean dynamics <a href=\"https:\/\/ecoles-cea-edf-inria.fr\/files\/2025\/06\/pres_EDFSaclay_rfablet_202506.pdf\" target=\"_blank\" rel=\"noopener\"> (slides) <\/a><\/td>\n<\/tr>\n<tr>\n<td>14:45 \u2013 15:30<\/td>\n<td class=\"speaker\"><a href=\"https:\/\/bonevbs.github.io\" target=\"_blank\" rel=\"noopener\">Boris Bonev<\/a><\/td>\n<td>\nA principled approach to probabilistic machine-learning weather forecast at scale<\/td>\n<\/tr>\n<tr class=\"light-row\">\n<td>15:30 \u2013 15:50<\/td>\n<td>\u2014<\/td>\n<td>Coffee break (loggia)<\/td>\n<\/tr>\n<tr>\n<td>15:50 \u2013 17:20<\/td>\n<td class=\"speaker\">\n      <a href=\"https:\/\/hpcda.github.io\/author\/dr.-bruno-raffin\/\" target=\"_blank\" rel=\"noopener\">Bruno Raffin<\/a> &amp;<br \/>\n<a href=\"https:\/\/sites.google.com\/site\/alejandroribes\/bio-html\" target=\"_blank\" rel=\"noopener\">Alejandro Ribes<\/a><\/td>\n<td>Online training of Deep Surrogates models <a href=\"https:\/\/ecoles-cea-edf-inria.fr\/files\/2025\/07\/Melissa-SummerSchool-2025.pdf\" target=\"_blank\" rel=\"noopener\"> (supports) <\/a><\/td>\n<\/tr>\n<tr class=\"light-row\">\n<td>18:30 \u2013 &#8230;<\/td>\n<td>\u2014<\/td>\n<td>Gala dinner at <strong><a href=\"https:\/\/www.restaurantlapetiteforge.com\/blank\"> La Petite Forge <\/a><\/strong> \u2014 shuttle from EDF site, return to RER stations after dinner<\/td>\n<\/tr>\n<\/tbody>\n<\/table>\n<p><!-- FIN JEUDI --><\/p>\n<table class=\"schedule\" style=\"border: 2px solid black; border-collapse: collapse;\">\n<caption style=\"font-weight: bold; font-size: 1.5em;\">Friday, June 20 \u2014 Auditorium<\/caption>\n<tbody>\n<tr class=\"light-row\">\n<td style=\"width:15%;\">09:00 \u2013 09:30<\/td>\n<td style=\"width:30%;\">\u2014<\/td>\n<td>Welcome coffee (foyer)<\/td>\n<\/tr>\n<tr>\n<td>09:30 \u2013 11:00<\/td>\n<td class=\"speaker\">\n      <a href=\"https:\/\/aleshi94.github.io\/home\/\" target=\"_blank\" rel=\"noopener\">Alena Shilova<\/a><\/td>\n<td>SciML perspective on solving control problems <a href=\"https:\/\/drive.google.com\/file\/d\/1ehXS4vr-wpAP8KyFiCs0MPyyMPGqyGOR\/view?usp=sharing\" target=\"_blank\" rel=\"noopener\"> (slides) <\/a><\/td>\n<\/tr>\n<tr class=\"light-row\">\n<td>11:00 \u2013 11:15<\/td>\n<td>\u2014<\/td>\n<td>Coffee break (foyer)<\/td>\n<\/tr>\n<tr>\n<td>11:15 \u2013 12:30<\/td>\n<td class=\"speaker\">\n      <a href=\"https:\/\/cermics-lab.enpc.fr\/abbas-kabalan\/\" target=\"_blank\" rel=\"noopener\">Abbas Kabalan<\/a> &amp;<br \/>\n<a href=\"https:\/\/scholar.google.com\/citations?user=nJvHg2MAAAAJ&amp;hl=fr\" target=\"_blank\" rel=\"noopener\">Rapha\u00ebl Carpintero Perez<\/a><\/td>\n<td>Some industrialized approaches in physics-based machine learning <a href=\"https:\/\/ecoles-cea-edf-inria.fr\/files\/2025\/06\/Ecole_d_ete_CEA_EDF_INRIA_2025.pdf\" target=\"_blank\" rel=\"noopener\"> (slides Part 1) <\/a><\/td>\n<\/tr>\n<tr class=\"light-row\">\n<td>12:30 \u2013 14:00<\/td>\n<td>\u2014<\/td>\n<td>Lunch (Brasserie)<\/td>\n<\/tr>\n<tr>\n<td>14:00 \u2013 16:00<\/td>\n<td class=\"speaker\">\n      <a href=\"https:\/\/camlab.ethz.ch\/the-group\/group-head.html\" target=\"_blank\" rel=\"noopener\">Siddhartha Mishra<\/a><\/td>\n<td>Foundation Models for PDEs <a href=\"https:\/\/drive.google.com\/file\/d\/15I_Tw43MbHaOS5TGmfD6ppgcSf_YFWIP\/view?usp=share_link\" target=\"_blank\" rel=\"noopener\"> (slides) <\/a><\/td>\n<\/tr>\n<tr>\n<td>16:00 \u2013 16:15<\/td>\n<td>Organizers<\/td>\n<td>Conclusions<\/td>\n<\/tr>\n<\/tbody>\n<\/table>\n<p><!-- FIN VENDREDI --><\/p>\n<\/div>\n<\/div>","protected":false},"excerpt":{"rendered":"<p>Numerical Analysis school 2025: contents, program, dates, practical information. Numerical Analysis school 2025 Solving partial differential equations in fields physics faster with physics-based machine learning &hellip;<\/p>\n","protected":false},"author":1,"featured_media":0,"parent":1159,"menu_order":0,"comment_status":"closed","ping_status":"closed","template":"","meta":{"footnotes":""},"class_list":["post-2099","page","type-page","status-publish","hentry"],"_links":{"self":[{"href":"https:\/\/ecoles-cea-edf-inria.fr\/en\/wp-json\/wp\/v2\/pages\/2099","targetHints":{"allow":["GET"]}}],"collection":[{"href":"https:\/\/ecoles-cea-edf-inria.fr\/en\/wp-json\/wp\/v2\/pages"}],"about":[{"href":"https:\/\/ecoles-cea-edf-inria.fr\/en\/wp-json\/wp\/v2\/types\/page"}],"author":[{"embeddable":true,"href":"https:\/\/ecoles-cea-edf-inria.fr\/en\/wp-json\/wp\/v2\/users\/1"}],"replies":[{"embeddable":true,"href":"https:\/\/ecoles-cea-edf-inria.fr\/en\/wp-json\/wp\/v2\/comments?post=2099"}],"version-history":[{"count":89,"href":"https:\/\/ecoles-cea-edf-inria.fr\/en\/wp-json\/wp\/v2\/pages\/2099\/revisions"}],"predecessor-version":[{"id":2288,"href":"https:\/\/ecoles-cea-edf-inria.fr\/en\/wp-json\/wp\/v2\/pages\/2099\/revisions\/2288"}],"up":[{"embeddable":true,"href":"https:\/\/ecoles-cea-edf-inria.fr\/en\/wp-json\/wp\/v2\/pages\/1159"}],"wp:attachment":[{"href":"https:\/\/ecoles-cea-edf-inria.fr\/en\/wp-json\/wp\/v2\/media?parent=2099"}],"curies":[{"name":"wp","href":"https:\/\/api.w.org\/{rel}","templated":true}]}}