{"id":1484,"date":"2021-10-22T15:36:38","date_gmt":"2021-10-22T13:36:38","guid":{"rendered":"https:\/\/ecoles-cea-edf-inria.fr\/?page_id=1484"},"modified":"2025-01-29T10:11:59","modified_gmt":"2025-01-29T09:11:59","slug":"comites","status":"publish","type":"page","link":"https:\/\/ecoles-cea-edf-inria.fr\/en\/comites\/","title":{"rendered":"Committees"},"content":{"rendered":"<div id=\"headerredbloc\">Governance of the summer schools<\/p>\n<\/div>\n<div id=\"initiative\">\n<h1 class=\"textebleu\">Steering committee<\/h1>\n<ul>\n<li><a href=\"https:\/\/www.linkedin.com\/in\/olivier-devaux-284394210\/\">Olivier Devaux<\/a> (EDF)<\/li>\n<li><a href=\"https:\/\/fr.linkedin.com\/in\/jean-fran%C3%A7ois-clou%C3%ABt-571124228\">Jean-Fran\u00e7ois Clou\u00ebt<\/a> (CEA)<\/li>\n<li><a href=\"https:\/\/www.inria.fr\/en\/jean-frederic-gerbeau\">Jean-Fr\u00e9d\u00e9ric Gerbeau<\/a> (Inria, pr\u00e9sident)<\/li>\n<\/ul>\n<h1 class=\"textebleu\">Scientific committee<\/h1>\n<ul>\n<li><a href=\"https:\/\/www.linkedin.com\/in\/lorenzo-audibert-7195661b\/?originalSubdomain=fr\">Lorenzo Audibert<\/a> (EDF, pr\u00e9sident)<\/li>\n<li><a href=\"https:\/\/www.linkedin.com\/in\/christophe-calvin-86653033\/?originalSubdomain=fr\">Christophe Calvin<\/a> (CEA)<\/li>\n<li><a href=\"https:\/\/www.linkedin.com\/in\/jean-philippe-perlat-4aa895114\/?originalSubdomain=fr\">Jean-Philippe Perlat<\/a> (CEA)<\/li>\n<li><a href=\"https:\/\/fr.linkedin.com\/in\/c%C3%A9dric-enaux-80734512\">C\u00e9dric Enaux<\/a> (CEA)<\/li>\n<li><a href=\"https:\/\/www.linkedin.com\/in\/henripierrecharles\/?originalSubdomain=fr\">Henri-Pierre Charles<\/a> (CEA)<\/li>\n<li><a href=\"https:\/\/www.linkedin.com\/in\/rdenefle\/?original_referer=https%3A%2F%2Fwww%2Egoogle%2Ecom%2F&amp;originalSubdomain=fr\">Romain Denefle<\/a> (EDF)<\/li>\n<li><a href=\"https:\/\/team.inria.fr\/corse\/team-members\/fabrice-rastello\/\">Fabrice Rastello<\/a> (Inria)<\/li>\n<li><a href=\"https:\/\/who.rocq.inria.fr\/Martin.Vohralik\/index.html\">Martin Vohral\u00edk<\/a> (Inria)<\/li>\n<li><a href=\"https:\/\/www.linkedin.com\/in\/francois-willaime-991629205\/?originalSubdomain=fr\">Fran\u00e7ois Willaime<\/a> (CEA)<\/li>\n<\/ul>\n<h1 class=\"textebleu\">Organization committee<\/h1>\n<ul>\n<li>R\u00e9gis Vizet (CEA)<\/li>\n<\/ul>\n<\/div>\n","protected":false},"excerpt":{"rendered":"<p>Governance of the summer schools Steering committee Olivier Devaux (EDF) Jean-Fran\u00e7ois Clou\u00ebt (CEA) Jean-Fr\u00e9d\u00e9ric Gerbeau (Inria, pr\u00e9sident) Scientific committee Lorenzo Audibert (EDF, pr\u00e9sident) Christophe Calvin &hellip;<\/p>\n","protected":false},"author":505,"featured_media":1103,"parent":0,"menu_order":0,"comment_status":"closed","ping_status":"closed","template":"","meta":{"footnotes":""},"class_list":["post-1484","page","type-page","status-publish","has-post-thumbnail","hentry"],"_links":{"self":[{"href":"https:\/\/ecoles-cea-edf-inria.fr\/en\/wp-json\/wp\/v2\/pages\/1484","targetHints":{"allow":["GET"]}}],"collection":[{"href":"https:\/\/ecoles-cea-edf-inria.fr\/en\/wp-json\/wp\/v2\/pages"}],"about":[{"href":"https:\/\/ecoles-cea-edf-inria.fr\/en\/wp-json\/wp\/v2\/types\/page"}],"author":[{"embeddable":true,"href":"https:\/\/ecoles-cea-edf-inria.fr\/en\/wp-json\/wp\/v2\/users\/505"}],"replies":[{"embeddable":true,"href":"https:\/\/ecoles-cea-edf-inria.fr\/en\/wp-json\/wp\/v2\/comments?post=1484"}],"version-history":[{"count":9,"href":"https:\/\/ecoles-cea-edf-inria.fr\/en\/wp-json\/wp\/v2\/pages\/1484\/revisions"}],"predecessor-version":[{"id":2125,"href":"https:\/\/ecoles-cea-edf-inria.fr\/en\/wp-json\/wp\/v2\/pages\/1484\/revisions\/2125"}],"wp:featuredmedia":[{"embeddable":true,"href":"https:\/\/ecoles-cea-edf-inria.fr\/en\/wp-json\/wp\/v2\/media\/1103"}],"wp:attachment":[{"href":"https:\/\/ecoles-cea-edf-inria.fr\/en\/wp-json\/wp\/v2\/media?parent=1484"}],"curies":[{"name":"wp","href":"https:\/\/api.w.org\/{rel}","templated":true}]}}