{"id":142,"date":"2019-10-09T16:49:44","date_gmt":"2019-10-09T14:49:44","guid":{"rendered":"https:\/\/chiche-snt.fr\/?page_id=142"},"modified":"2019-10-09T16:49:44","modified_gmt":"2019-10-09T14:49:44","slug":"mentions-legales","status":"publish","type":"page","link":"https:\/\/ecoles-cea-edf-inria.fr\/en\/mentions-legales\/","title":{"rendered":"Mentions L\u00e9gales"},"content":{"rendered":"<div id=\"chichepage\">\n<h1 class=\"textebleu\">Mentions L\u00e9gales<\/h1>\n<h3>Informations l\u00e9gales<\/h3>\n<p>Inria<br \/>\nDomaine de Voluceau<br \/>\nRocquencourt &#8211; B.P. 105<br \/>\n78153 Le Chesnay Cedex &#8211; France<br \/>\nT\u00e9l\u00e9phone: +33 1 39 63 55 11<br \/>\nForme juridique<br \/>\nDirecteur de publication : Bruno Sportisse, Pr\u00e9sident-directeur g\u00e9n\u00e9ral d&#8217;Inria<br \/>\nR\u00e9dacteur en chef : Jean-Fr\u00e9d\u00e9ric Gerbeau, Directeur G\u00e9n\u00e9ral D\u00e9l\u00e9gu\u00e9 \u00e0 la Science d&#8217;Inria<br \/>\nH\u00e9bergeur : Inria<br \/>\n<a target=\"_blank\" href=\"https:\/\/www.inria.fr\/fr\/mentions-legales\" rel=\"noopener noreferrer\">Plus d&#8217;informations<\/a><\/p>\n<p>Cr\u00e9dits : La conception et le d\u00e9veloppement sont r\u00e9alis\u00e9s par <a href=\"https:\/\/www.linkedin.com\/in\/bninassi\" class=\"external\" target=\"_blank\" rel=\"noopener\">Benjamin Ninassi<\/a><\/p>\n<\/div>\n","protected":false},"excerpt":{"rendered":"<p>Mentions L\u00e9gales Informations l\u00e9gales Inria Domaine de Voluceau Rocquencourt &#8211; B.P. 105 78153 Le Chesnay Cedex &#8211; France T\u00e9l\u00e9phone: +33 1 39 63 55 11 &hellip;<\/p>\n","protected":false},"author":505,"featured_media":0,"parent":0,"menu_order":4,"comment_status":"closed","ping_status":"closed","template":"","meta":{"footnotes":""},"class_list":["post-142","page","type-page","status-publish","hentry"],"_links":{"self":[{"href":"https:\/\/ecoles-cea-edf-inria.fr\/en\/wp-json\/wp\/v2\/pages\/142","targetHints":{"allow":["GET"]}}],"collection":[{"href":"https:\/\/ecoles-cea-edf-inria.fr\/en\/wp-json\/wp\/v2\/pages"}],"about":[{"href":"https:\/\/ecoles-cea-edf-inria.fr\/en\/wp-json\/wp\/v2\/types\/page"}],"author":[{"embeddable":true,"href":"https:\/\/ecoles-cea-edf-inria.fr\/en\/wp-json\/wp\/v2\/users\/505"}],"replies":[{"embeddable":true,"href":"https:\/\/ecoles-cea-edf-inria.fr\/en\/wp-json\/wp\/v2\/comments?post=142"}],"version-history":[{"count":0,"href":"https:\/\/ecoles-cea-edf-inria.fr\/en\/wp-json\/wp\/v2\/pages\/142\/revisions"}],"wp:attachment":[{"href":"https:\/\/ecoles-cea-edf-inria.fr\/en\/wp-json\/wp\/v2\/media?parent=142"}],"curies":[{"name":"wp","href":"https:\/\/api.w.org\/{rel}","templated":true}]}}